{"id":1137,"date":"2025-02-06T07:32:57","date_gmt":"2025-02-06T06:32:57","guid":{"rendered":"https:\/\/prechtl.film\/?page_id=1137"},"modified":"2025-04-18T17:51:32","modified_gmt":"2025-04-18T15:51:32","slug":"ueber-uns-filmproduktion","status":"publish","type":"page","link":"https:\/\/prechtl.film\/?page_id=1137","title":{"rendered":"Filmproduktion mit Kreativit\u00e4t &#038; Qualit\u00e4t"},"content":{"rendered":"<div class=\"wpb-content-wrapper\"><p>[vc_section bklyn_section_anchor_id=&#8220;About&#8220; el_name=&#8220;Erster Abschnitt&#8220;][vc_row animate_tablet=&#8220;true&#8220; animate_mobile=&#8220;true&#8220; el_name=&#8220;Page Title \/ Row has animation&#8220; effect=&#8220;fadeIn&#8220;][vc_column]<div class=\"wpb_content_element \"><style type=\"text\/css\">#ut_header_69e2c448d0670 h2.section-title { font-size:40px !important;line-height:50px !important;letter-spacing:-0.04em; }<\/style><header id=\"ut_header_69e2c448d0670\" class=\"section-header  ut-no-title-linebreak-mobile ut-no-lead-linebreak-mobile pt-style-7 header-left header-tablet-left header-mobile-left element-with-custom-line-height\"><div class=\"element-with-custom-line-height\" ><h2 data-title=\"Kreative Filmproduktion in Seefeld bei M\u00fcnchen\"  data-responsive-font=\"section_title\" data-responsive-font-settings=\"{&quot;base-font-size&quot;:&quot;40&quot;,&quot;font-size-unit&quot;:&quot;px&quot;,&quot;font-size&quot;:{&quot;desktop_large&quot;:&quot;40&quot;},&quot;base-line-height&quot;:&quot;50&quot;,&quot;line-height-unit&quot;:&quot;px&quot;,&quot;line-height&quot;:{&quot;desktop_large&quot;:&quot;50&quot;},&quot;base-letter-spacing&quot;:&quot;global&quot;,&quot;letter-spacing&quot;:{&quot;desktop_large&quot;:&quot;-0.04&quot;}}\" class=\"section-title  \"><span>Kreative Filmproduktion in Seefeld bei M\u00fcnchen<\/span><\/h2><\/div><\/header><\/div>[vc_column_text]<\/p>\n<p class=\"\" data-start=\"0\" data-end=\"393\">Als Filmproduktion in Seefeld bei M\u00fcnchen sind wir dein kreativer Partner, wenn du als Unternehmen oder Agentur deine Botschaften eindrucksvoll und gleichzeitig emotional in Szene setzen m\u00f6chtest. Denn wir verbinden innovative Ideen mit technischer Exzellenz und moderner Filmtechnik, sodass wir f\u00fcr dich ma\u00dfgeschneiderte Filmprojekte schaffen, die beeindrucken und zugleich nachhaltig wirken.<\/p>\n<h3 data-start=\"395\" data-end=\"440\">Strategische Planung f\u00fcr beeindruckende Filme<\/h3>\n<p class=\"\" data-start=\"442\" data-end=\"827\">Von der ersten Idee bis hin zur finalen Produktion begleiten wir dich mit strategischer Planung und in h\u00f6chster Qualit\u00e4t. Dabei konzentrieren wir uns auf kreative Erz\u00e4hlweisen, visuelle Inszenierungen und den gezielten Einsatz von Emotionen. Denn so schaffen wir Filme, die nicht nur visuell faszinieren, sondern au\u00dferdem deine Botschaft klar und besonders wirkungsvoll transportieren.<\/p>\n<h3 data-start=\"829\" data-end=\"858\">Leidenschaft f\u00fcr jedes Detail<\/h3>\n<p class=\"\" data-start=\"860\" data-end=\"1236\">Mit Leidenschaft, langj\u00e4hriger Erfahrung und einem geschulten Blick f\u00fcr jedes Detail verwandeln wir deine Vision zuverl\u00e4ssig in beeindruckende Bilder. Ganz egal, ob es dabei um einen Imagefilm, Werbefilm, Social-Media-Content, ein Recruiting Video, einen Eventfilm oder eine Dokumentation geht \u2013 gemeinsam erstellen wir Filme, die Menschen erreichen und sie emotional bewegen.<\/p>\n<h3 data-start=\"1238\" data-end=\"1287\">Gemeinsam dein n\u00e4chstes Filmprojekt verwirklichen<\/h3>\n<p class=\"\" data-start=\"1289\" data-end=\"1576\">Dabei kannst du auf unsere Expertise vertrauen sowie auf unser Engagement f\u00fcr exzellentes und kreatives Storytelling. Lass uns gemeinsam dein n\u00e4chstes Filmprojekt verwirklichen und deine pers\u00f6nliche Geschichte in fesselnde Bilder verwandeln. Denn wir bringen deine Kreativit\u00e4t zum Leben!<\/p>\n<h3 data-start=\"1578\" data-end=\"1619\">Ein Rundum-sorglos-Paket f\u00fcr dein Projekt<\/h3>\n<p class=\"\" data-start=\"1621\" data-end=\"1935\">Von der ersten Idee bis zur finalen Umsetzung bieten wir dir daf\u00fcr ein Rundum-sorglos-Paket, mit dem du Filme erh\u00e4ltst, die begeistern, Emotionen wecken und nachhaltig wirken. Denn mit innovativen Konzepten, technischer Pr\u00e4zision und kreativer Leidenschaft setzen wir deine Vision perfekt und zuverl\u00e4ssig in Szene.<\/p>\n<p>[\/vc_column_text][\/vc_column][\/vc_row][\/vc_section][vc_section bklyn_section_anchor_id=&#8220;About&#8220; el_name=&#8220;Zweiter Abschnitt&#8220;][vc_row equal_height=&#8220;yes&#8220; content_placement=&#8220;middle&#8220; animate_tablet=&#8220;true&#8220; animate_mobile=&#8220;true&#8220; delay=&#8220;true&#8220; el_name=&#8220;Page Title \/ Row has animation&#8220; effect=&#8220;fadeIn&#8220; delay_timer=&#8220;250&#8243;][vc_column width=&#8220;1\/3&#8243;]<div class=\"wpb_content_element \"><style type=\"text\/css\">#ut_tm_69e2c448dbecd .bklyn-team-member-name { color: #FFFFFF; }#ut_tm_69e2c448dbecd .bklyn-team-member-ocupation { color: #FFFFFF; }#ut_tm_69e2c448dbecd .bklyn-team-member-ocupation { font-weight: normal; }#ut_tm_69e2c448dbecd .bklyn-team-member-social-icons a { color: #FFFFFF; }#ut_tm_69e2c448dbecd .bklyn-team-member-social-icons a:visited { color: #FFFFFF; }#ut_tm_69e2c448dbecd .bklyn-team-member-social-icons a:hover { color: #FFFFFF; }#ut_tm_69e2c448dbecd .bklyn-team-member-social-icons a:focus { color: #FFFFFF; }#ut_tm_69e2c448dbecd .bklyn-team-member-social-icons a:active { color: #FFFFFF; }#ut_tm_69e2c448dbecd .bklyn-team-member-overlay { background: #A7473B8A; }<\/style><div id=\"ut_tm_69e2c448dbecd\" class=\"bklyn-team-member bklyn-team-member-style-4  bklyn-team-member-center\"><div class=\"bklyn-team-member-avatar bklyn-team-member-avatar-with-swap\"><div class=\"bklyn-team-member-primary-image\"><img decoding=\"async\" alt=\"Markus Prechtl\" class=\"ut-lozad\" src=\"data:image\/svg+xml;charset=utf-8,%3Csvg xmlns%3D'http%3A%2F%2Fwww.w3.org%2F2000%2Fsvg' viewBox%3D'0 0 800 530'%2F%3E\" data-src=\"https:\/\/prechtl.film\/wp-content\/uploads\/2025\/02\/prechtl-film-team-markus-prechtl-geschaeftsfuehrer.jpg\"><\/div><div class=\"bklyn-team-member-secondary-image\"><img decoding=\"async\" alt=\"Markus Prechtl\" class=\"ut-lozad\" src=\"data:image\/svg+xml;charset=utf-8,%3Csvg xmlns%3D'http%3A%2F%2Fwww.w3.org%2F2000%2Fsvg' viewBox%3D'0 0 800 530'%2F%3E\" data-src=\"https:\/\/prechtl.film\/wp-content\/uploads\/2025\/02\/prechtl-film-team-markus-prechtl-geschaeftsfuehrer.jpg\"><\/div><\/div><div class=\"bklyn-team-member-overlay\"><div class=\"bklyn-team-member-overlay-caption\"><div class=\"bklyn-team-member-info\"><h3 class=\"bklyn-team-member-name\">Markus Prechtl<\/h3><p class=\"bklyn-team-member-ocupation\">Gesch\u00e4ftsf\u00fchrer<\/p><div class=\"bklyn-team-member-social-icons \"><ul><li><a title=\"\" href=\"https:\/\/www.linkedin.com\/in\/markus-prechtl-24abb688\/\" target=\"_blank\" rel=\"noopener\"><i class=\"fa-brands fa-linkedin-in\"><\/i><\/a><\/li><li><a title=\"\" href=\"https:\/\/www.xing.com\/profile\/Markus_Prechtl2\" target=\"_blank\" rel=\"noopener\"><i class=\"fa-brands fa-xing\"><\/i><\/a><\/li><\/ul><\/div><\/div><\/div><\/div><\/div><\/div>[\/vc_column][vc_column width=&#8220;1\/3&#8243;]<div class=\"wpb_content_element \"><style type=\"text\/css\">#ut_tm_69e2c448e1a3c .bklyn-team-member-name { color: #FFFFFF; }#ut_tm_69e2c448e1a3c .bklyn-team-member-ocupation { color: #FFFFFF; }#ut_tm_69e2c448e1a3c .bklyn-team-member-ocupation { font-weight: normal; }#ut_tm_69e2c448e1a3c .bklyn-team-member-social-icons a { color: #FFFFFF; }#ut_tm_69e2c448e1a3c .bklyn-team-member-social-icons a:visited { color: #FFFFFF; }#ut_tm_69e2c448e1a3c .bklyn-team-member-social-icons a:hover { color: #FFFFFF; }#ut_tm_69e2c448e1a3c .bklyn-team-member-social-icons a:focus { color: #FFFFFF; }#ut_tm_69e2c448e1a3c .bklyn-team-member-social-icons a:active { color: #FFFFFF; }#ut_tm_69e2c448e1a3c .bklyn-team-member-overlay { background: #A7473B8A; }<\/style><div id=\"ut_tm_69e2c448e1a3c\" class=\"bklyn-team-member bklyn-team-member-style-4  bklyn-team-member-center\"><div class=\"bklyn-team-member-avatar bklyn-team-member-avatar-with-swap\"><div class=\"bklyn-team-member-primary-image\"><img decoding=\"async\" alt=\"Natalie Wojtynski\" class=\"ut-lozad\" src=\"data:image\/svg+xml;charset=utf-8,%3Csvg xmlns%3D'http%3A%2F%2Fwww.w3.org%2F2000%2Fsvg' viewBox%3D'0 0 800 530'%2F%3E\" data-src=\"https:\/\/prechtl.film\/wp-content\/uploads\/2025\/02\/prechtl-film-team-natalie-wojtynski-creative-director.jpg\"><\/div><div class=\"bklyn-team-member-secondary-image\"><img decoding=\"async\" alt=\"Natalie Wojtynski\" class=\"ut-lozad\" src=\"data:image\/svg+xml;charset=utf-8,%3Csvg xmlns%3D'http%3A%2F%2Fwww.w3.org%2F2000%2Fsvg' viewBox%3D'0 0 800 530'%2F%3E\" data-src=\"https:\/\/prechtl.film\/wp-content\/uploads\/2025\/02\/prechtl-film-team-natalie-wojtynski-creative-director.jpg\"><\/div><\/div><div class=\"bklyn-team-member-overlay\"><div class=\"bklyn-team-member-overlay-caption\"><div class=\"bklyn-team-member-info\"><h3 class=\"bklyn-team-member-name\">Natalie Wojtynski<\/h3><p class=\"bklyn-team-member-ocupation\">Creative Director<\/p><div class=\"bklyn-team-member-social-icons \"><ul><li><a title=\"\" href=\"https:\/\/www.linkedin.com\/in\/nataliewojtynski\" target=\"_blank\" rel=\"noopener\"><i class=\"fa-brands fa-linkedin-in\"><\/i><\/a><\/li><\/ul><\/div><\/div><\/div><\/div><\/div><\/div>[\/vc_column][vc_column width=&#8220;1\/3&#8243;]<div class=\"wpb_content_element \"><style type=\"text\/css\">#ut_sc_69e2c448e1b1c .ut-service-column.ut-service-column-horiz h3 { font-size:18px !important;letter-spacing:-0.03em; }#ut_sc_69e2c448e1b1c .ut-service-column.ut-service-column-horiz p { font-size:13px !important;line-height:28px !important; }#ut_sc_69e2c448e1b1c .ut-service-column p { margin-top: 5px; }#ut_sc_69e2c448e1b1c .ut-service-column a.ut-service-column-link { font-size: 12px; }#ut-svg-69e2c448e1b1d { display:none; }#ut-svg-69e2c448e1b1d.ut-svg-loaded { display:block; }#ut-svg-69e2c448e1b1d path { stroke:rgba(126, 143, 187, 1); }<\/style><div id=\"ut_sc_69e2c448e1b1c\"  class=\"ut-horizontal-style ut-horizontal-style-align-left  clearfix \" ><div class=\"ut-service-column ut-service-column-horiz\"><h3 data-responsive-font=\"h3\" data-responsive-font-settings=\"{&quot;base-font-size&quot;:&quot;global&quot;,&quot;font-size&quot;:{&quot;desktop_large&quot;:&quot;18&quot;},&quot;base-line-height&quot;:&quot;global&quot;,&quot;base-letter-spacing&quot;:&quot;global&quot;,&quot;letter-spacing&quot;:{&quot;desktop_large&quot;:&quot;-0.03&quot;}}\">ARBEITE MIT UNS ZUSAMMEN<\/h3><p class=\"element-with-custom-line-height\" data-responsive-font=\"p\" data-responsive-font-settings=\"{&quot;base-font-size&quot;:&quot;global&quot;,&quot;font-size&quot;:{&quot;desktop_large&quot;:&quot;13&quot;},&quot;base-line-height&quot;:&quot;global&quot;,&quot;line-height&quot;:{&quot;desktop_large&quot;:&quot;28&quot;},&quot;base-letter-spacing&quot;:&quot;global&quot;}\">Wir sind immer auf der Suche nach kreativen Talenten.<\/p><a class=\"ut-service-column-link \" title=\"Schreib uns\" href=\"mailto:servus@prechtl.film\" target=\"_self\" >Schreib uns<\/a><\/div><\/div><\/div>[\/vc_column][\/vc_row][\/vc_section][vc_section bklyn_section_anchor_id=&#8220;About&#8220; el_name=&#8220;Dritter Abschnitt&#8220;][vc_row animate_tablet=&#8220;true&#8220; animate_mobile=&#8220;true&#8220; delay=&#8220;true&#8220; el_name=&#8220;Page Title \/ Row has animation&#8220; effect=&#8220;fadeIn&#8220; delay_timer=&#8220;250&#8243;][vc_column]<div class=\"wpb_content_element \"><style type=\"text\/css\">#ut_header_69e2c448e21b4 h2.section-title { font-size:40px !important;line-height:50px !important;letter-spacing:-0.04em; }<\/style><header id=\"ut_header_69e2c448e21b4\" class=\"section-header  ut-no-title-linebreak-mobile ut-no-lead-linebreak-mobile pt-style-7 header-left header-tablet-left header-mobile-left element-with-custom-line-height\"><div class=\"element-with-custom-line-height\" ><h2 data-title=\"Filmproduktion holistisch gedacht\"  data-responsive-font=\"section_title\" data-responsive-font-settings=\"{&quot;base-font-size&quot;:&quot;40&quot;,&quot;font-size-unit&quot;:&quot;px&quot;,&quot;font-size&quot;:{&quot;desktop_large&quot;:&quot;40&quot;},&quot;base-line-height&quot;:&quot;50&quot;,&quot;line-height-unit&quot;:&quot;px&quot;,&quot;line-height&quot;:{&quot;desktop_large&quot;:&quot;50&quot;},&quot;base-letter-spacing&quot;:&quot;global&quot;,&quot;letter-spacing&quot;:{&quot;desktop_large&quot;:&quot;-0.04&quot;}}\" class=\"section-title  \"><span>Filmproduktion holistisch gedacht<\/span><\/h2><\/div><\/header><\/div>[vc_column_text]<\/p>\n<h3 data-start=\"1973\" data-end=\"2024\">Der gesamte Produktionsprozess \u2013 aus einer Hand<\/h3>\n<p data-start=\"2174\" data-end=\"2661\">Von der ersten Idee bis zum finalen Film \u2013 wir stehen dir in jeder Phase der Produktion als verl\u00e4sslicher Partner zur Seite. Mit einem kreativen Blick, tiefgehendem Know-how und technischer Expertise entwickeln wir ma\u00dfgeschneiderte Konzepte, die deine Visionen in beeindruckende Bilder verwandeln. Dabei legen wir gro\u00dfen Wert darauf, nicht nur \u00e4sthetisch hochwertige Filme zu produzieren, sondern auch strategisch durchdachte Inhalte zu schaffen, die deine Botschaft klar transportieren.<\/p>\n<h3 data-start=\"2663\" data-end=\"2720\">Effizient und reibungslos \u2013 f\u00fcr das perfekte Ergebnis<\/h3>\n<p data-start=\"2722\" data-end=\"3137\">Unser Ziel ist es, den gesamten Produktionsprozess so effizient und reibungslos wie m\u00f6glich zu gestalten, damit du dich entspannt auf das Ergebnis freuen kannst. Jedes Detail \u2013 von der ersten Idee \u00fcber die Planung, den Dreh bis hin zur Postproduktion \u2013 wird mit h\u00f6chster Sorgfalt umgesetzt. So entstehen Filme, die nicht nur visuell faszinieren, sondern auch nachhaltig wirken und langfristig in Erinnerung bleiben.<\/p>\n<p>[\/vc_column_text]<style type=\"text\/css\">#ut_simple_time_line_69e2c448e2ac0 .ut-simple-time-line-event-subtitle { margin-bottom: 5px; }#ut_simple_time_line_69e2c448e2ac0 .ut-simple-time-line-event-marker-small { border-color: #7E8FBB; }#ut_simple_time_line_69e2c448e2ac0 .ut-simple-time-line-event-marker-large { border-color: #7E8FBB; }#ut_simple_time_line_69e2c448e2ac0 .ut-simple-time-line-event-animation { opacity:0; }#ut_simple_time_line_69e2c448e2ac0 .ut-simple-time-line-event-marker { opacity:0; }#ut_simple_time_line_69e2c448e2ac0 .ut-marker-large-animation-1 { border-color: #7E8FBB; }#ut_simple_time_line_69e2c448e2ac0 .ut-marker-large-animation-1 { border-style: solid; }#ut_simple_time_line_69e2c448e2ac0 .ut-marker-large-animation-2 { border-color: #7E8FBB; }#ut_simple_time_line_69e2c448e2ac0 .ut-marker-large-animation-2 { border-style: solid; }#ut_simple_time_line_69e2c448e2ac0 .ut-marker-large-animation-3 { border-color: #7E8FBB; }#ut_simple_time_line_69e2c448e2ac0 .ut-marker-large-animation-3 { border-style: solid; }#ut_simple_time_line_69e2c448e2ac0 .ut-marker-large-animation-4 { border-color: #7E8FBB; }#ut_simple_time_line_69e2c448e2ac0 .ut-marker-large-animation-4 { border-style: solid; }<\/style><div id=\"ut_simple_time_line_69e2c448e2ac0\" class=\"ut-simple-time-line-wrap\" data-settings=\"{&quot;animate&quot;:true,&quot;delay_animation&quot;:true,&quot;global_delay_animation&quot;:false,&quot;delay_timer&quot;:200,&quot;delay_timer_marker&quot;:100,&quot;animation_style_marker&quot;:&quot;fadeIn&quot;,&quot;global_delay_timer&quot;:200}\"><div class=\"ut-simple-time-line  clearfix\"><div class=\"ut-simple-time-line-event\"><div data-animateonce=\"yes\" data-effect=\"fadeIn\" data-delay=\"100\" class=\"ut-simple-time-line-event-marker ut-simple-time-line-event-marker-large animated ut-no-animation-tablet ut-no-animation-mobile\"><div class=\"ut-marker-large-animation-1 ut-marker-animation-on\"><\/div><div class=\"ut-marker-large-animation-2 ut-marker-animation-on\"><\/div><div class=\"ut-marker-large-animation-3 ut-marker-animation-on\"><\/div><div class=\"ut-marker-large-animation-4 ut-marker-animation-on\"><\/div><\/div><div data-animateonce=\"yes\" data-effect=\"fadeIn\" class=\"ut-simple-time-line-event-animation ut-animate-simple-time-line-event animated ut-no-animation-tablet ut-no-animation-mobile\"><div class=\"ut-simple-time-line-event-title\">01<\/div><h3 class=\"ut-simple-time-line-event-subtitle\">Beratung und Konzept: Deine ma\u00dfgeschneiderte L\u00f6sung<\/h3><div class=\"ut-simple-time-line-event-text\"><p>Jede erfolgreiche Filmproduktion beginnt mit einer durchdachten Strategie. Wir nehmen uns viel Zeit, deine Ziele zu verstehen, stellen gezielte Fragen und entwickeln ein passendes Konzept. Dabei legen wir gro\u00dfen Wert auf enge Zusammenarbeit, kreativen Austausch und sorgf\u00e4ltige Planung. So kreieren wir Filme, die deine Botschaft klar und emotional vermitteln.<\/p><\/div><\/div><\/div><div class=\"ut-simple-time-line-event\"><div data-animateonce=\"yes\" data-effect=\"fadeIn\" data-delay=\"100\" class=\"ut-simple-time-line-event-marker ut-simple-time-line-event-marker-large animated ut-no-animation-tablet ut-no-animation-mobile\"><div class=\"ut-marker-large-animation-1 ut-marker-animation-on\"><\/div><div class=\"ut-marker-large-animation-2 ut-marker-animation-on\"><\/div><div class=\"ut-marker-large-animation-3 ut-marker-animation-on\"><\/div><div class=\"ut-marker-large-animation-4 ut-marker-animation-on\"><\/div><\/div><div data-animateonce=\"yes\" data-effect=\"fadeIn\" class=\"ut-simple-time-line-event-animation ut-animate-simple-time-line-event animated ut-no-animation-tablet ut-no-animation-mobile\"><div class=\"ut-simple-time-line-event-title\">02<\/div><h3 class=\"ut-simple-time-line-event-subtitle\">Filmproduktion: Deine Vision wird Wirklichkeit<\/h3><div class=\"ut-simple-time-line-event-text\"><p>Nun setzen wir deine Vision in die Tat um. Mit moderner Technik, einem erfahrenen Team und pr\u00e4ziser Planung realisieren wir dein Projekt professionell. Vom Storyboard \u00fcber die Auswahl der besten Location und Crew bis hin zur Drehplanung \u2013 wir sorgen f\u00fcr einen reibungslosen Ablauf. Unser Ziel: eine stressfreie Produktion, die sowohl kreativ als auch technisch \u00fcberzeugt.<\/p><\/div><\/div><\/div><div class=\"ut-simple-time-line-event\"><div data-animateonce=\"yes\" data-effect=\"fadeIn\" data-delay=\"100\" class=\"ut-simple-time-line-event-marker ut-simple-time-line-event-marker-large animated ut-no-animation-tablet ut-no-animation-mobile\"><div class=\"ut-marker-large-animation-1 ut-marker-animation-on\"><\/div><div class=\"ut-marker-large-animation-2 ut-marker-animation-on\"><\/div><div class=\"ut-marker-large-animation-3 ut-marker-animation-on\"><\/div><div class=\"ut-marker-large-animation-4 ut-marker-animation-on\"><\/div><\/div><div data-animateonce=\"yes\" data-effect=\"fadeIn\" class=\"ut-simple-time-line-event-animation ut-animate-simple-time-line-event animated ut-no-animation-tablet ut-no-animation-mobile\"><div class=\"ut-simple-time-line-event-title\">03<\/div><h3 class=\"ut-simple-time-line-event-subtitle\">Postproduktion: Deine Idee in Perfektion<\/h3><div class=\"ut-simple-time-line-event-text\"><p>Hier entsteht die Magie. Schnitt, Farbkorrektur, Sounddesign und Animation \u2013 in der Postproduktion f\u00fcgen wir alle Elemente zusammen, um ein harmonisches Gesamtwerk zu schaffen. Da wir viel Wert auf Perfektion legen, erfolgt dieser Prozess bei uns komplett In-House. So stellen wir sicher, dass Qualit\u00e4t und Workflow effizient sind und die Umsetzung genau deinen Vorstellungen entspricht.<\/p><\/div><\/div><\/div><div class=\"ut-simple-time-line-event\"><div data-animateonce=\"yes\" data-effect=\"fadeIn\" data-delay=\"100\" class=\"ut-simple-time-line-event-marker ut-simple-time-line-event-marker-large animated ut-no-animation-tablet ut-no-animation-mobile\"><div class=\"ut-marker-large-animation-1 ut-marker-animation-on\"><\/div><div class=\"ut-marker-large-animation-2 ut-marker-animation-on\"><\/div><div class=\"ut-marker-large-animation-3 ut-marker-animation-on\"><\/div><div class=\"ut-marker-large-animation-4 ut-marker-animation-on\"><\/div><\/div><div data-animateonce=\"yes\" data-effect=\"fadeIn\" class=\"ut-simple-time-line-event-animation ut-animate-simple-time-line-event animated ut-no-animation-tablet ut-no-animation-mobile\"><div class=\"ut-simple-time-line-event-title\">04<\/div><h3 class=\"ut-simple-time-line-event-subtitle\">Distribution: Deine Botschaft weit verbreiten<\/h3><div class=\"ut-simple-time-line-event-text\"><p>Ein gro\u00dfartiger Film verdient eine ebenso starke Verbreitung. Damit deine Botschaft die richtige Zielgruppe erreicht, unterst\u00fctzen wir dich bei der Platzierung deines Films. Ob Social Media, Website, Pr\u00e4sentationen oder digitale Werbekampagnen \u2013 wir sorgen daf\u00fcr, dass dein Film nicht nur gesehen, sondern nachhaltig wahrgenommen wird.<\/p><\/div><\/div><\/div><\/div><div class=\"clear\"><\/div><\/div>[\/vc_column][\/vc_row][\/vc_section]<\/p>\n<\/div>","protected":false},"excerpt":{"rendered":"<p>[vc_section bklyn_section_anchor_id=&#8220;About&#8220; el_name=&#8220;Erster Abschnitt&#8220;][vc_row animate_tablet=&#8220;true&#8220; animate_mobile=&#8220;true&#8220; el_name=&#8220;Page Title \/ Row has animation&#8220; effect=&#8220;fadeIn&#8220;][vc_column][vc_column_text] Als Filmproduktion in Seefeld bei M\u00fcnchen sind wir dein kreativer Partner, wenn du als Unternehmen oder Agentur deine Botschaften eindrucksvoll und gleichzeitig emotional in Szene setzen m\u00f6chtest. Denn wir verbinden innovative Ideen mit technischer Exzellenz und moderner Filmtechnik, sodass wir f\u00fcr dich [&hellip;]<\/p>\n","protected":false},"author":1,"featured_media":2840,"parent":0,"menu_order":0,"comment_status":"closed","ping_status":"closed","template":"","meta":{"footnotes":""},"class_list":["post-1137","page","type-page","status-publish","has-post-thumbnail","hentry"],"_links":{"self":[{"href":"https:\/\/prechtl.film\/index.php?rest_route=\/wp\/v2\/pages\/1137","targetHints":{"allow":["GET"]}}],"collection":[{"href":"https:\/\/prechtl.film\/index.php?rest_route=\/wp\/v2\/pages"}],"about":[{"href":"https:\/\/prechtl.film\/index.php?rest_route=\/wp\/v2\/types\/page"}],"author":[{"embeddable":true,"href":"https:\/\/prechtl.film\/index.php?rest_route=\/wp\/v2\/users\/1"}],"replies":[{"embeddable":true,"href":"https:\/\/prechtl.film\/index.php?rest_route=%2Fwp%2Fv2%2Fcomments&post=1137"}],"version-history":[{"count":0,"href":"https:\/\/prechtl.film\/index.php?rest_route=\/wp\/v2\/pages\/1137\/revisions"}],"wp:featuredmedia":[{"embeddable":true,"href":"https:\/\/prechtl.film\/index.php?rest_route=\/wp\/v2\/media\/2840"}],"wp:attachment":[{"href":"https:\/\/prechtl.film\/index.php?rest_route=%2Fwp%2Fv2%2Fmedia&parent=1137"}],"curies":[{"name":"wp","href":"https:\/\/api.w.org\/{rel}","templated":true}]}}